{"id":32,"date":"2019-06-15T14:30:20","date_gmt":"2019-06-15T14:30:20","guid":{"rendered":"http:\/\/ingo-panz.de\/?page_id=32"},"modified":"2022-07-10T16:24:50","modified_gmt":"2022-07-10T16:24:50","slug":"apps","status":"publish","type":"page","link":"https:\/\/ingo-panz.de\/?page_id=32","title":{"rendered":"SLF-Words2Find"},"content":{"rendered":"\r\n\r\n\r\n<p>Stadt-Land-Flu\u00df &#8211; das begeisternde Denkspiel mit Lerneffekt, dass einfach nur Spa\u00df macht &#8211; jetzt als App zur Erstellung und Druck von individuellen Spielkarten.<\/p>\r\n<p>SLF beinhaltet einige vorgegebene Spielkategorien, aber f\u00fcr kreative K\u00f6pfe beinhaltet es ebenso eine individuell bef\u00fcllbare Datenbank zur Entwicklung eigener Spielkategorien. Die Spielkarten k\u00f6nnen so individuell mit den gew\u00fcnschten Spielkategorien erstellt werden und per AirPrint\u00ae Drucker ausgedruckt werden.<\/p>\r\n<p>In App K\u00e4ufe f\u00fcr Speicherfunktionen und eigenem Design der Spielkarten sind m\u00f6glich. Ein integrierter Timer, mit Buzzer und automatischem Ziehen der Buchstaben ist ebenfalls in SLF enthalten.<\/p>\r\n<p>Teste dein Wissen und leg&#8216; los!\u00a0<\/p>\r\n\r\n\r\n\r\n\r\n\r\n<p class=\"wp-block-gallery-1 is-layout-flex wp-block-gallery-is-layout-flex\"><img loading=\"lazy\" decoding=\"async\" class=\"alignnone size-medium wp-image-642\" src=\"https:\/\/ingo-panz.de\/wp-content\/uploads\/2022\/07\/Simulator-Screen-Shot-iPhone-8-Plus-2022-06-26-at-11.48.09-169x300.png\" alt=\"\" width=\"169\" height=\"300\" \/> <img loading=\"lazy\" decoding=\"async\" class=\"alignnone size-medium wp-image-647\" src=\"https:\/\/ingo-panz.de\/wp-content\/uploads\/2022\/07\/Simulator-Screen-Shot-iPhone-8-Plus-2022-06-26-at-11.47.49-169x300.png\" alt=\"\" width=\"169\" height=\"300\" \/> <img loading=\"lazy\" decoding=\"async\" class=\"alignnone size-medium wp-image-646\" src=\"https:\/\/ingo-panz.de\/wp-content\/uploads\/2022\/07\/Simulator-Screen-Shot-iPhone-8-Plus-2022-06-26-at-11.47.44-169x300.png\" alt=\"\" width=\"169\" height=\"300\" \/><\/p>\r\n<p>\u00a0 \u00a0 \u00a0 \u00a0 \u00a0 \u00a0 \u00a0 \u00a0 \u00a0 \u00a0 \u00a0 \u00a0 <img loading=\"lazy\" decoding=\"async\" class=\"alignnone size-medium wp-image-644\" src=\"https:\/\/ingo-panz.de\/wp-content\/uploads\/2022\/07\/Simulator-Screen-Shot-iPhone-8-Plus-2022-06-26-at-11.47.56-169x300.png\" alt=\"\" width=\"169\" height=\"300\" \/> <img loading=\"lazy\" decoding=\"async\" class=\"alignnone size-medium wp-image-643\" src=\"https:\/\/ingo-panz.de\/wp-content\/uploads\/2022\/07\/Simulator-Screen-Shot-iPhone-8-Plus-2022-06-26-at-11.48.00-169x300.png\" alt=\"\" width=\"169\" height=\"300\" \/><\/p>\r\n<p><img loading=\"lazy\" decoding=\"async\" class=\"alignnone size-medium wp-image-641\" src=\"https:\/\/ingo-panz.de\/wp-content\/uploads\/2022\/07\/Simulator-Screen-Shot-iPhone-8-Plus-2022-06-26-at-11.48.34-169x300.png\" alt=\"\" width=\"169\" height=\"300\" \/> <img loading=\"lazy\" decoding=\"async\" class=\"alignnone size-medium wp-image-648\" src=\"https:\/\/ingo-panz.de\/wp-content\/uploads\/2022\/07\/Simulator-Screen-Shot-iPhone-8-Plus-2022-06-26-at-11.48.43-169x300.png\" alt=\"\" width=\"169\" height=\"300\" srcset=\"https:\/\/ingo-panz.de\/wp-content\/uploads\/2022\/07\/Simulator-Screen-Shot-iPhone-8-Plus-2022-06-26-at-11.48.43-169x300.png 169w, https:\/\/ingo-panz.de\/wp-content\/uploads\/2022\/07\/Simulator-Screen-Shot-iPhone-8-Plus-2022-06-26-at-11.48.43-576x1024.png 576w, https:\/\/ingo-panz.de\/wp-content\/uploads\/2022\/07\/Simulator-Screen-Shot-iPhone-8-Plus-2022-06-26-at-11.48.43-768x1365.png 768w, https:\/\/ingo-panz.de\/wp-content\/uploads\/2022\/07\/Simulator-Screen-Shot-iPhone-8-Plus-2022-06-26-at-11.48.43-864x1536.png 864w, https:\/\/ingo-panz.de\/wp-content\/uploads\/2022\/07\/Simulator-Screen-Shot-iPhone-8-Plus-2022-06-26-at-11.48.43-1152x2048.png 1152w, https:\/\/ingo-panz.de\/wp-content\/uploads\/2022\/07\/Simulator-Screen-Shot-iPhone-8-Plus-2022-06-26-at-11.48.43.png 1242w\" sizes=\"auto, (max-width: 169px) 100vw, 169px\" \/> <img loading=\"lazy\" decoding=\"async\" class=\"alignnone size-medium wp-image-645\" src=\"https:\/\/ingo-panz.de\/wp-content\/uploads\/2022\/07\/Simulator-Screen-Shot-iPhone-8-Plus-2022-06-26-at-11.48.51-169x300.png\" alt=\"\" width=\"169\" height=\"300\" \/><\/p>\r\n<p>Datenschutz f\u00fcr diese App: Diese App sammelt keinerlei pers\u00f6nliche Daten oder fragt nach einer Erlaubnis um Nutzerdaten zu benutzen. Die Kategorien und Rubriken, die vom Nutzer eingegeben werden, werden auf dem Ger\u00e4t gespeichert und werden gel\u00f6scht, sobald die App vom Ger\u00e4t gel\u00f6scht wird.<\/p>\r\n\r\n<p><a style=\"display: inline-block; overflow: hidden; border-top-left-radius: 8.67px; border-top-right-radius: 8.67px; border-bottom-right-radius: 8.67px; border-bottom-left-radius: 8.67px; width: 166.67px; height: 55.34px;\" href=\"https:\/\/apps.apple.com\/us\/app\/slf-words2find\/id1456489174?itsct=apps_box_badge&amp;itscg=30200\"><img decoding=\"async\" style=\"border-top-left-radius: 8.67px; border-top-right-radius: 8.67px; border-bottom-right-radius: 8.67px; border-bottom-left-radius: 8.67px; width: 166.67px; height: 55.34px;\" src=\"https:\/\/tools.applemediaservices.com\/api\/badges\/download-on-the-app-store\/black\/de-de?size=250x83&amp;releaseDate=1554249600&amp;h=f6bb2344b0d29949398969795b82b3cc\" alt=\"Download on the App Store\" \/><\/a><\/p>","protected":false},"excerpt":{"rendered":"<p>Stadt-Land-Flu\u00df &#8211; das begeisternde Denkspiel mit Lerneffekt, dass einfach nur Spa\u00df macht &#8211; jetzt als App zur Erstellung und Druck von individuellen Spielkarten. SLF beinhaltet einige vorgegebene Spielkategorien, aber f\u00fcr kreative K\u00f6pfe beinhaltet es ebenso eine individuell bef\u00fcllbare Datenbank zur Entwicklung eigener Spielkategorien. Die Spielkarten k\u00f6nnen so individuell mit den gew\u00fcnschten Spielkategorien erstellt werden und &hellip; <\/p>\n<p class=\"link-more\"><a href=\"https:\/\/ingo-panz.de\/?page_id=32\" class=\"more-link\"><span class=\"screen-reader-text\">\u201eSLF-Words2Find\u201c <\/span>weiterlesen<\/a><\/p>\n","protected":false},"author":1,"featured_media":507,"parent":0,"menu_order":0,"comment_status":"closed","ping_status":"closed","template":"","meta":{"footnotes":""},"class_list":["post-32","page","type-page","status-publish","has-post-thumbnail","hentry"],"_links":{"self":[{"href":"https:\/\/ingo-panz.de\/index.php?rest_route=\/wp\/v2\/pages\/32","targetHints":{"allow":["GET"]}}],"collection":[{"href":"https:\/\/ingo-panz.de\/index.php?rest_route=\/wp\/v2\/pages"}],"about":[{"href":"https:\/\/ingo-panz.de\/index.php?rest_route=\/wp\/v2\/types\/page"}],"author":[{"embeddable":true,"href":"https:\/\/ingo-panz.de\/index.php?rest_route=\/wp\/v2\/users\/1"}],"replies":[{"embeddable":true,"href":"https:\/\/ingo-panz.de\/index.php?rest_route=%2Fwp%2Fv2%2Fcomments&post=32"}],"version-history":[{"count":17,"href":"https:\/\/ingo-panz.de\/index.php?rest_route=\/wp\/v2\/pages\/32\/revisions"}],"predecessor-version":[{"id":667,"href":"https:\/\/ingo-panz.de\/index.php?rest_route=\/wp\/v2\/pages\/32\/revisions\/667"}],"wp:featuredmedia":[{"embeddable":true,"href":"https:\/\/ingo-panz.de\/index.php?rest_route=\/wp\/v2\/media\/507"}],"wp:attachment":[{"href":"https:\/\/ingo-panz.de\/index.php?rest_route=%2Fwp%2Fv2%2Fmedia&parent=32"}],"curies":[{"name":"wp","href":"https:\/\/api.w.org\/{rel}","templated":true}]}}