{"id":363,"date":"2019-08-10T20:10:11","date_gmt":"2019-08-10T20:10:11","guid":{"rendered":"https:\/\/ingo-panz.de\/?page_id=363"},"modified":"2022-06-05T15:08:07","modified_gmt":"2022-06-05T15:08:07","slug":"space-cab","status":"publish","type":"page","link":"https:\/\/ingo-panz.de\/?page_id=363","title":{"rendered":"Space-Cab"},"content":{"rendered":"<p>Space-Cab &#8211; Honking Cab Inc.<\/p>\r\n<!-- \/wp:post-content -->\r\n\r\n<!-- wp:paragraph -->\r\n<p>St\u00fcrz dich in das Haifischbecken des interstellaren Taxigesch\u00e4ftes! Bring die Passagiere dieses Universums schnell und sicher ans Ziel und greife nach den Sternen.<\/p>\r\n<p>Die Honking Cab Inc. ist das hei\u00dfeste Eisen dieses Universums, aber du f\u00e4hrst das mit Abstand seltsamste Cab unter dieser Flagge. Denn Du f\u00e4hrst einen Oldtimer mit Firecracker Antrieb.\u00a0<\/p>\r\n<p>Sammle deine Passagiere ein und bringe sie innerhalb der vorgegebenen Zeit sicher ans Ziel. Die Firecracker d\u00fcrfen dir dabei selbstverst\u00e4ndlich nicht ausgehen, behalte den \u00dcberblick \u00fcber die Karte und bau keinen Mist mit der Polizei!<\/p>\r\n<p>Verdiene Credits, um dein Cab weiter aufr\u00fcsten zu k\u00f6nnen. Aber das Verdienen von Credits ist nicht genug. Messe dich mit anderen Fahrern im Rennen, um die ben\u00f6tigten Ersatzteile f\u00fcr Upgrades zu gewinnen. Vergr\u00f6\u00dfere deinen Firecracker Stauraum und erweitere die Reichweite des Cabs. Sorge f\u00fcr mehr Komfort in deiner Fahrgastkabine, denn ein entspannter Fahrgast ist auch mit einer l\u00e4ngeren Warte- und Fahrtzeit zufrieden. Und dann gibt es ja auch noch ein stabileres Chassis, st\u00e4rkere Sto\u00dfd\u00e4mpfer und vieles mehr zu verbessern.<span class=\"Apple-converted-space\">\u00a0<\/span><\/p>\r\n<p>Reise durch den Hyperraum zwischen den Sternen und erweitere deine Taxilizenz, um alle Welten und Planeten dieses Universums mit ihren unterschiedlichen Umweltbedingungen, Herausforderungen und Rennstrecken zu erreichen.<\/p>\r\n<p>Kaufe zus\u00e4tzliche Vehikel mit unterschiedlichen Attributen, um deinen pers\u00f6nlichen Cab Fuhrpark zu erweitern und deine Lieblingsmaschine zu finden.<span class=\"Apple-converted-space\">\u00a0<\/span><\/p>\r\n<p>Space-Cab ist ein Sci-Fi Action-Rennspiel. Die innovative Tap f\u00fcr einen Cracker Steuerung des Cabs unter Einbeziehung von mehr oder weniger realistischer Physik und deiner Vertrauensw\u00fcrdigkeit als Fahrer sorgt f\u00fcr intelligenten Spielspa\u00df und eine Challenge der besonderen Art.<\/p>\r\n<p><img loading=\"lazy\" decoding=\"async\" class=\"alignnone size-medium wp-image-596\" src=\"https:\/\/ingo-panz.de\/wp-content\/uploads\/2022\/06\/Simulator-Screen-Shot-iPad-Pro-12.9-inch-2nd-generation-2022-06-02-at-11.46.26-300x225.png\" alt=\"\" width=\"300\" height=\"225\" \/><\/p>\r\n<p><img loading=\"lazy\" decoding=\"async\" class=\"alignnone size-medium wp-image-592\" src=\"https:\/\/ingo-panz.de\/wp-content\/uploads\/2022\/06\/Simulator-Screen-Shot-iPad-Pro-12.9-inch-2nd-generation-2022-04-16-at-17.55.00-300x225.png\" alt=\"\" width=\"300\" height=\"225\" \/><\/p>\r\n<p><img loading=\"lazy\" decoding=\"async\" class=\"alignnone size-medium wp-image-590\" src=\"https:\/\/ingo-panz.de\/wp-content\/uploads\/2022\/06\/Simulator-Screen-Shot-iPad-Pro-12.9-inch-2nd-generation-2022-04-16-at-17.55.48-300x225.png\" alt=\"\" width=\"300\" height=\"225\" \/><\/p>\r\n<p><img loading=\"lazy\" decoding=\"async\" class=\"alignnone size-medium wp-image-591\" src=\"https:\/\/ingo-panz.de\/wp-content\/uploads\/2022\/06\/Simulator-Screen-Shot-iPad-Pro-12.9-inch-2nd-generation-2022-04-16-at-17.58.10-300x225.png\" alt=\"\" width=\"300\" height=\"225\" \/><\/p>\r\n<p><img loading=\"lazy\" decoding=\"async\" class=\"alignnone size-medium wp-image-593\" src=\"https:\/\/ingo-panz.de\/wp-content\/uploads\/2022\/06\/Simulator-Screen-Shot-iPad-Pro-12.9-inch-2nd-generation-2022-04-17-at-15.39.16-300x225.png\" alt=\"\" width=\"300\" height=\"225\" \/><\/p>\r\n<p><img loading=\"lazy\" decoding=\"async\" class=\"alignnone size-medium wp-image-594\" src=\"https:\/\/ingo-panz.de\/wp-content\/uploads\/2022\/06\/Simulator-Screen-Shot-iPad-Pro-12.9-inch-2nd-generation-2022-04-17-at-18.52.16-300x225.png\" alt=\"\" width=\"300\" height=\"225\" \/><\/p>\r\n<p><img loading=\"lazy\" decoding=\"async\" class=\"alignnone size-medium wp-image-595\" src=\"https:\/\/ingo-panz.de\/wp-content\/uploads\/2022\/06\/Simulator-Screen-Shot-iPad-Pro-12.9-inch-2nd-generation-2022-04-17-at-18.54.15-300x225.png\" alt=\"\" width=\"300\" height=\"225\" \/><\/p>\r\n<p><img loading=\"lazy\" decoding=\"async\" class=\"alignnone size-medium wp-image-597\" src=\"https:\/\/ingo-panz.de\/wp-content\/uploads\/2022\/06\/Simulator-Screen-Shot-iPad-Pro-12.9-inch-2nd-generation-2022-04-17-at-19.50.55-300x225.png\" alt=\"\" width=\"300\" height=\"225\" \/><\/p>\r\n<p><a style=\"display: inline-block; overflow: hidden; border-top-left-radius: 13px; border-top-right-radius: 8.67px; border-bottom-right-radius: 8.67px; border-bottom-left-radius: 8.67px; width: 166.67px; height: 55.34px;\" href=\"https:\/\/apps.apple.com\/us\/app\/space-cab\/id1474961026\"><img decoding=\"async\" style=\"border-top-left-radius: 8.67px; border-top-right-radius: 8.67px; border-bottom-right-radius: 8.67px; border-bottom-left-radius: 8.67px; width: 166.67px; height: 55.34px;\" src=\"https:\/\/tools.applemediaservices.com\/api\/badges\/download-on-the-app-store\/black\/en-us?size=250x83&amp;releaseDate=1577404800&amp;h=1018cd32b5fad0074b6629e16153b1d1\" alt=\"Download on the App Store\" \/><\/a><\/p>","protected":false},"excerpt":{"rendered":"<p>Space-Cab &#8211; Honking Cab Inc. St\u00fcrz dich in das Haifischbecken des interstellaren Taxigesch\u00e4ftes! Bring die Passagiere dieses Universums schnell und sicher ans Ziel und greife nach den Sternen. Die Honking Cab Inc. ist das hei\u00dfeste Eisen dieses Universums, aber du f\u00e4hrst das mit Abstand seltsamste Cab unter dieser Flagge. Denn Du f\u00e4hrst einen Oldtimer mit &hellip; <\/p>\n<p class=\"link-more\"><a href=\"https:\/\/ingo-panz.de\/?page_id=363\" class=\"more-link\"><span class=\"screen-reader-text\">\u201eSpace-Cab\u201c <\/span>weiterlesen<\/a><\/p>\n","protected":false},"author":1,"featured_media":601,"parent":0,"menu_order":0,"comment_status":"closed","ping_status":"closed","template":"","meta":{"footnotes":""},"class_list":["post-363","page","type-page","status-publish","has-post-thumbnail","hentry"],"_links":{"self":[{"href":"https:\/\/ingo-panz.de\/index.php?rest_route=\/wp\/v2\/pages\/363","targetHints":{"allow":["GET"]}}],"collection":[{"href":"https:\/\/ingo-panz.de\/index.php?rest_route=\/wp\/v2\/pages"}],"about":[{"href":"https:\/\/ingo-panz.de\/index.php?rest_route=\/wp\/v2\/types\/page"}],"author":[{"embeddable":true,"href":"https:\/\/ingo-panz.de\/index.php?rest_route=\/wp\/v2\/users\/1"}],"replies":[{"embeddable":true,"href":"https:\/\/ingo-panz.de\/index.php?rest_route=%2Fwp%2Fv2%2Fcomments&post=363"}],"version-history":[{"count":8,"href":"https:\/\/ingo-panz.de\/index.php?rest_route=\/wp\/v2\/pages\/363\/revisions"}],"predecessor-version":[{"id":598,"href":"https:\/\/ingo-panz.de\/index.php?rest_route=\/wp\/v2\/pages\/363\/revisions\/598"}],"wp:featuredmedia":[{"embeddable":true,"href":"https:\/\/ingo-panz.de\/index.php?rest_route=\/wp\/v2\/media\/601"}],"wp:attachment":[{"href":"https:\/\/ingo-panz.de\/index.php?rest_route=%2Fwp%2Fv2%2Fmedia&parent=363"}],"curies":[{"name":"wp","href":"https:\/\/api.w.org\/{rel}","templated":true}]}}