{"id":392,"date":"2020-02-28T02:08:38","date_gmt":"2020-02-28T02:08:38","guid":{"rendered":"https:\/\/ingo-panz.de\/?page_id=392"},"modified":"2020-02-28T02:20:00","modified_gmt":"2020-02-28T02:20:00","slug":"snail-race-2","status":"publish","type":"page","link":"https:\/\/ingo-panz.de\/?page_id=392","title":{"rendered":"Snail Race"},"content":{"rendered":"<div dir=\"ltr\">\n<div dir=\"ltr\">\n<p>Snail Race &#8211; <strong>demn\u00e4chst im App Store verf\u00fcgbar!!!<\/strong><\/p>\n<p>Spiele Snail Race mit bis zu 4 Spielern zur gleichen Zeit auf einem Ger\u00e4t.\u00a0Mach Dein Rennen gegen Computer Schnecken, Freunde oder Familie.<\/p>\n<p>Wer ist der Schnellste unter den Langsamen?<\/p>\n<p><span style=\"font-size: 1rem;\">W\u00e4hle Deine Schecke und leg los &#8211; gewinne das langsamste Rennen \u00fcberhaupt!<\/span><\/p>\n<p><span style=\"font-size: 1rem;\">Es ist Zeit f\u00fcr ein Multiplayer Offline Spiel!<\/span><\/p>\n<p><span style=\"font-size: 1rem;\">Mach Dein Rennen gegen die Schnecken Deiner Freunde. Schau ihnen in die Augen und triff ihre Schnecken hart. Es sind keine Freunde da, dann spiele gegen unterschiedliche Computer Gegner oder sogar gegen Deine Familie.<\/span><\/p>\n<p><span style=\"font-size: 1rem;\">Zeichne den Rennpfad f\u00fcr Deine Schnecke. Pass ihn w\u00e4hrend des Rennens an und triff die anderen so hart wie m\u00f6glich. Aber Vorsicht! Sei nicht zu faul oder zu aggressiv &#8211; bringe deine Schneckentaktik ans Limit!<\/span><\/p>\n<p><span style=\"font-size: 1rem;\">Sei der Schnellste der Langsamen!<\/span><\/p>\n<\/div>\n<\/div>\n","protected":false},"excerpt":{"rendered":"<p>Snail Race &#8211; demn\u00e4chst im App Store verf\u00fcgbar!!! Spiele Snail Race mit bis zu 4 Spielern zur gleichen Zeit auf einem Ger\u00e4t.\u00a0Mach Dein Rennen gegen Computer Schnecken, Freunde oder Familie. Wer ist der Schnellste unter den Langsamen? W\u00e4hle Deine Schecke und leg los &#8211; gewinne das langsamste Rennen \u00fcberhaupt! Es ist Zeit f\u00fcr ein Multiplayer &hellip; <\/p>\n<p class=\"link-more\"><a href=\"https:\/\/ingo-panz.de\/?page_id=392\" class=\"more-link\"><span class=\"screen-reader-text\">\u201eSnail Race\u201c <\/span>weiterlesen<\/a><\/p>\n","protected":false},"author":1,"featured_media":393,"parent":0,"menu_order":0,"comment_status":"closed","ping_status":"closed","template":"","meta":{"footnotes":""},"class_list":["post-392","page","type-page","status-publish","has-post-thumbnail","hentry"],"_links":{"self":[{"href":"https:\/\/ingo-panz.de\/index.php?rest_route=\/wp\/v2\/pages\/392","targetHints":{"allow":["GET"]}}],"collection":[{"href":"https:\/\/ingo-panz.de\/index.php?rest_route=\/wp\/v2\/pages"}],"about":[{"href":"https:\/\/ingo-panz.de\/index.php?rest_route=\/wp\/v2\/types\/page"}],"author":[{"embeddable":true,"href":"https:\/\/ingo-panz.de\/index.php?rest_route=\/wp\/v2\/users\/1"}],"replies":[{"embeddable":true,"href":"https:\/\/ingo-panz.de\/index.php?rest_route=%2Fwp%2Fv2%2Fcomments&post=392"}],"version-history":[{"count":5,"href":"https:\/\/ingo-panz.de\/index.php?rest_route=\/wp\/v2\/pages\/392\/revisions"}],"predecessor-version":[{"id":406,"href":"https:\/\/ingo-panz.de\/index.php?rest_route=\/wp\/v2\/pages\/392\/revisions\/406"}],"wp:featuredmedia":[{"embeddable":true,"href":"https:\/\/ingo-panz.de\/index.php?rest_route=\/wp\/v2\/media\/393"}],"wp:attachment":[{"href":"https:\/\/ingo-panz.de\/index.php?rest_route=%2Fwp%2Fv2%2Fmedia&parent=392"}],"curies":[{"name":"wp","href":"https:\/\/api.w.org\/{rel}","templated":true}]}}