{"id":420,"date":"2021-03-17T19:54:50","date_gmt":"2021-03-17T19:54:50","guid":{"rendered":"https:\/\/ingo-panz.de\/?page_id=420"},"modified":"2021-07-13T20:29:22","modified_gmt":"2021-07-13T20:29:22","slug":"rune-wars","status":"publish","type":"page","link":"https:\/\/ingo-panz.de\/?page_id=420","title":{"rendered":"Rune Wars"},"content":{"rendered":"<p>In einer Welt, in der jeder Spieler ein Magier ist, hat jede Rune ihren ganz eigenen Kopf. Deine Herausforderung ist zu zeigen, dass Dein Turm der Mittelpunkt der besten Magie \u00fcberhaupt ist.<\/p>\n<p>Hier ist Allround-Talent gefragt &#8211; verteidige Deinen Turm, bestehe im Duell, k\u00e4mpfe den Krieg, geh auf die Jagd und f\u00fchre einen Raubzug durch.<\/p>\n<p><img loading=\"lazy\" decoding=\"async\" class=\"alignnone size-medium wp-image-542\" src=\"https:\/\/ingo-panz.de\/wp-content\/uploads\/2021\/07\/Simulator-Screen-Shot-iPad-Pro-12.9-inch-3rd-generation-2021-06-12-at-23.52.12-300x225.png\" alt=\"\" width=\"300\" height=\"225\" srcset=\"https:\/\/ingo-panz.de\/wp-content\/uploads\/2021\/07\/Simulator-Screen-Shot-iPad-Pro-12.9-inch-3rd-generation-2021-06-12-at-23.52.12-300x225.png 300w, https:\/\/ingo-panz.de\/wp-content\/uploads\/2021\/07\/Simulator-Screen-Shot-iPad-Pro-12.9-inch-3rd-generation-2021-06-12-at-23.52.12-1024x768.png 1024w, https:\/\/ingo-panz.de\/wp-content\/uploads\/2021\/07\/Simulator-Screen-Shot-iPad-Pro-12.9-inch-3rd-generation-2021-06-12-at-23.52.12-768x576.png 768w, https:\/\/ingo-panz.de\/wp-content\/uploads\/2021\/07\/Simulator-Screen-Shot-iPad-Pro-12.9-inch-3rd-generation-2021-06-12-at-23.52.12-1536x1151.png 1536w, https:\/\/ingo-panz.de\/wp-content\/uploads\/2021\/07\/Simulator-Screen-Shot-iPad-Pro-12.9-inch-3rd-generation-2021-06-12-at-23.52.12-2048x1535.png 2048w\" sizes=\"auto, (max-width: 300px) 100vw, 300px\" \/> <img loading=\"lazy\" decoding=\"async\" class=\"alignnone size-medium wp-image-547\" src=\"https:\/\/ingo-panz.de\/wp-content\/uploads\/2021\/07\/Simulator-Screen-Shot-iPad-Pro-12.9-inch-3rd-generation-2021-06-12-at-23.50.35-300x225.png\" alt=\"\" width=\"300\" height=\"225\" srcset=\"https:\/\/ingo-panz.de\/wp-content\/uploads\/2021\/07\/Simulator-Screen-Shot-iPad-Pro-12.9-inch-3rd-generation-2021-06-12-at-23.50.35-300x225.png 300w, https:\/\/ingo-panz.de\/wp-content\/uploads\/2021\/07\/Simulator-Screen-Shot-iPad-Pro-12.9-inch-3rd-generation-2021-06-12-at-23.50.35-1024x768.png 1024w, https:\/\/ingo-panz.de\/wp-content\/uploads\/2021\/07\/Simulator-Screen-Shot-iPad-Pro-12.9-inch-3rd-generation-2021-06-12-at-23.50.35-768x576.png 768w, https:\/\/ingo-panz.de\/wp-content\/uploads\/2021\/07\/Simulator-Screen-Shot-iPad-Pro-12.9-inch-3rd-generation-2021-06-12-at-23.50.35-1536x1151.png 1536w, https:\/\/ingo-panz.de\/wp-content\/uploads\/2021\/07\/Simulator-Screen-Shot-iPad-Pro-12.9-inch-3rd-generation-2021-06-12-at-23.50.35-2048x1535.png 2048w\" sizes=\"auto, (max-width: 300px) 100vw, 300px\" \/> <img loading=\"lazy\" decoding=\"async\" class=\"alignnone size-medium wp-image-545\" src=\"https:\/\/ingo-panz.de\/wp-content\/uploads\/2021\/07\/Simulator-Screen-Shot-iPad-Pro-12.9-inch-3rd-generation-2021-06-12-at-23.51.21-300x225.png\" alt=\"\" width=\"300\" height=\"225\" srcset=\"https:\/\/ingo-panz.de\/wp-content\/uploads\/2021\/07\/Simulator-Screen-Shot-iPad-Pro-12.9-inch-3rd-generation-2021-06-12-at-23.51.21-300x225.png 300w, https:\/\/ingo-panz.de\/wp-content\/uploads\/2021\/07\/Simulator-Screen-Shot-iPad-Pro-12.9-inch-3rd-generation-2021-06-12-at-23.51.21-1024x768.png 1024w, https:\/\/ingo-panz.de\/wp-content\/uploads\/2021\/07\/Simulator-Screen-Shot-iPad-Pro-12.9-inch-3rd-generation-2021-06-12-at-23.51.21-768x576.png 768w, https:\/\/ingo-panz.de\/wp-content\/uploads\/2021\/07\/Simulator-Screen-Shot-iPad-Pro-12.9-inch-3rd-generation-2021-06-12-at-23.51.21-1536x1151.png 1536w, https:\/\/ingo-panz.de\/wp-content\/uploads\/2021\/07\/Simulator-Screen-Shot-iPad-Pro-12.9-inch-3rd-generation-2021-06-12-at-23.51.21-2048x1535.png 2048w\" sizes=\"auto, (max-width: 300px) 100vw, 300px\" \/> <img loading=\"lazy\" decoding=\"async\" class=\"alignnone size-medium wp-image-544\" src=\"https:\/\/ingo-panz.de\/wp-content\/uploads\/2021\/07\/Simulator-Screen-Shot-iPad-Pro-12.9-inch-3rd-generation-2021-06-12-at-23.51.29-300x225.png\" alt=\"\" width=\"300\" height=\"225\" srcset=\"https:\/\/ingo-panz.de\/wp-content\/uploads\/2021\/07\/Simulator-Screen-Shot-iPad-Pro-12.9-inch-3rd-generation-2021-06-12-at-23.51.29-300x225.png 300w, https:\/\/ingo-panz.de\/wp-content\/uploads\/2021\/07\/Simulator-Screen-Shot-iPad-Pro-12.9-inch-3rd-generation-2021-06-12-at-23.51.29-1024x768.png 1024w, https:\/\/ingo-panz.de\/wp-content\/uploads\/2021\/07\/Simulator-Screen-Shot-iPad-Pro-12.9-inch-3rd-generation-2021-06-12-at-23.51.29-768x576.png 768w, https:\/\/ingo-panz.de\/wp-content\/uploads\/2021\/07\/Simulator-Screen-Shot-iPad-Pro-12.9-inch-3rd-generation-2021-06-12-at-23.51.29-1536x1151.png 1536w, https:\/\/ingo-panz.de\/wp-content\/uploads\/2021\/07\/Simulator-Screen-Shot-iPad-Pro-12.9-inch-3rd-generation-2021-06-12-at-23.51.29-2048x1535.png 2048w\" sizes=\"auto, (max-width: 300px) 100vw, 300px\" \/> <img loading=\"lazy\" decoding=\"async\" class=\"alignnone size-medium wp-image-543\" src=\"https:\/\/ingo-panz.de\/wp-content\/uploads\/2021\/07\/Simulator-Screen-Shot-iPad-Pro-12.9-inch-3rd-generation-2021-06-12-at-23.51.57-300x225.png\" alt=\"\" width=\"300\" height=\"225\" srcset=\"https:\/\/ingo-panz.de\/wp-content\/uploads\/2021\/07\/Simulator-Screen-Shot-iPad-Pro-12.9-inch-3rd-generation-2021-06-12-at-23.51.57-300x225.png 300w, https:\/\/ingo-panz.de\/wp-content\/uploads\/2021\/07\/Simulator-Screen-Shot-iPad-Pro-12.9-inch-3rd-generation-2021-06-12-at-23.51.57-1024x768.png 1024w, https:\/\/ingo-panz.de\/wp-content\/uploads\/2021\/07\/Simulator-Screen-Shot-iPad-Pro-12.9-inch-3rd-generation-2021-06-12-at-23.51.57-768x576.png 768w, https:\/\/ingo-panz.de\/wp-content\/uploads\/2021\/07\/Simulator-Screen-Shot-iPad-Pro-12.9-inch-3rd-generation-2021-06-12-at-23.51.57-1536x1151.png 1536w, https:\/\/ingo-panz.de\/wp-content\/uploads\/2021\/07\/Simulator-Screen-Shot-iPad-Pro-12.9-inch-3rd-generation-2021-06-12-at-23.51.57-2048x1535.png 2048w\" sizes=\"auto, (max-width: 300px) 100vw, 300px\" \/> <img loading=\"lazy\" decoding=\"async\" class=\"alignnone size-medium wp-image-546\" src=\"https:\/\/ingo-panz.de\/wp-content\/uploads\/2021\/07\/Simulator-Screen-Shot-iPad-Pro-12.9-inch-3rd-generation-2021-06-12-at-23.51.06-300x225.png\" alt=\"\" width=\"300\" height=\"225\" srcset=\"https:\/\/ingo-panz.de\/wp-content\/uploads\/2021\/07\/Simulator-Screen-Shot-iPad-Pro-12.9-inch-3rd-generation-2021-06-12-at-23.51.06-300x225.png 300w, https:\/\/ingo-panz.de\/wp-content\/uploads\/2021\/07\/Simulator-Screen-Shot-iPad-Pro-12.9-inch-3rd-generation-2021-06-12-at-23.51.06-1024x768.png 1024w, https:\/\/ingo-panz.de\/wp-content\/uploads\/2021\/07\/Simulator-Screen-Shot-iPad-Pro-12.9-inch-3rd-generation-2021-06-12-at-23.51.06-768x576.png 768w, https:\/\/ingo-panz.de\/wp-content\/uploads\/2021\/07\/Simulator-Screen-Shot-iPad-Pro-12.9-inch-3rd-generation-2021-06-12-at-23.51.06-1536x1151.png 1536w, https:\/\/ingo-panz.de\/wp-content\/uploads\/2021\/07\/Simulator-Screen-Shot-iPad-Pro-12.9-inch-3rd-generation-2021-06-12-at-23.51.06-2048x1535.png 2048w\" sizes=\"auto, (max-width: 300px) 100vw, 300px\" \/> <img loading=\"lazy\" decoding=\"async\" class=\"alignnone size-medium wp-image-541\" src=\"https:\/\/ingo-panz.de\/wp-content\/uploads\/2021\/07\/Simulator-Screen-Shot-iPad-Pro-12.9-inch-3rd-generation-2021-06-12-at-23.52.28-300x225.png\" alt=\"\" width=\"300\" height=\"225\" srcset=\"https:\/\/ingo-panz.de\/wp-content\/uploads\/2021\/07\/Simulator-Screen-Shot-iPad-Pro-12.9-inch-3rd-generation-2021-06-12-at-23.52.28-300x225.png 300w, https:\/\/ingo-panz.de\/wp-content\/uploads\/2021\/07\/Simulator-Screen-Shot-iPad-Pro-12.9-inch-3rd-generation-2021-06-12-at-23.52.28-1024x768.png 1024w, https:\/\/ingo-panz.de\/wp-content\/uploads\/2021\/07\/Simulator-Screen-Shot-iPad-Pro-12.9-inch-3rd-generation-2021-06-12-at-23.52.28-768x576.png 768w, https:\/\/ingo-panz.de\/wp-content\/uploads\/2021\/07\/Simulator-Screen-Shot-iPad-Pro-12.9-inch-3rd-generation-2021-06-12-at-23.52.28-1536x1151.png 1536w, https:\/\/ingo-panz.de\/wp-content\/uploads\/2021\/07\/Simulator-Screen-Shot-iPad-Pro-12.9-inch-3rd-generation-2021-06-12-at-23.52.28-2048x1535.png 2048w\" sizes=\"auto, (max-width: 300px) 100vw, 300px\" \/> <img loading=\"lazy\" decoding=\"async\" class=\"alignnone size-medium wp-image-540\" src=\"https:\/\/ingo-panz.de\/wp-content\/uploads\/2021\/07\/Simulator-Screen-Shot-iPad-Pro-12.9-inch-3rd-generation-2021-06-12-at-23.53.00-300x225.png\" alt=\"\" width=\"300\" height=\"225\" srcset=\"https:\/\/ingo-panz.de\/wp-content\/uploads\/2021\/07\/Simulator-Screen-Shot-iPad-Pro-12.9-inch-3rd-generation-2021-06-12-at-23.53.00-300x225.png 300w, https:\/\/ingo-panz.de\/wp-content\/uploads\/2021\/07\/Simulator-Screen-Shot-iPad-Pro-12.9-inch-3rd-generation-2021-06-12-at-23.53.00-1024x768.png 1024w, https:\/\/ingo-panz.de\/wp-content\/uploads\/2021\/07\/Simulator-Screen-Shot-iPad-Pro-12.9-inch-3rd-generation-2021-06-12-at-23.53.00-768x576.png 768w, https:\/\/ingo-panz.de\/wp-content\/uploads\/2021\/07\/Simulator-Screen-Shot-iPad-Pro-12.9-inch-3rd-generation-2021-06-12-at-23.53.00-1536x1151.png 1536w, https:\/\/ingo-panz.de\/wp-content\/uploads\/2021\/07\/Simulator-Screen-Shot-iPad-Pro-12.9-inch-3rd-generation-2021-06-12-at-23.53.00-2048x1535.png 2048w\" sizes=\"auto, (max-width: 300px) 100vw, 300px\" \/> <img loading=\"lazy\" decoding=\"async\" class=\"alignnone size-medium wp-image-539\" src=\"https:\/\/ingo-panz.de\/wp-content\/uploads\/2021\/07\/Simulator-Screen-Shot-iPad-Pro-12.9-inch-3rd-generation-2021-06-12-at-23.55.33-300x225.png\" alt=\"\" width=\"300\" height=\"225\" srcset=\"https:\/\/ingo-panz.de\/wp-content\/uploads\/2021\/07\/Simulator-Screen-Shot-iPad-Pro-12.9-inch-3rd-generation-2021-06-12-at-23.55.33-300x225.png 300w, https:\/\/ingo-panz.de\/wp-content\/uploads\/2021\/07\/Simulator-Screen-Shot-iPad-Pro-12.9-inch-3rd-generation-2021-06-12-at-23.55.33-1024x768.png 1024w, https:\/\/ingo-panz.de\/wp-content\/uploads\/2021\/07\/Simulator-Screen-Shot-iPad-Pro-12.9-inch-3rd-generation-2021-06-12-at-23.55.33-768x576.png 768w, https:\/\/ingo-panz.de\/wp-content\/uploads\/2021\/07\/Simulator-Screen-Shot-iPad-Pro-12.9-inch-3rd-generation-2021-06-12-at-23.55.33-1536x1151.png 1536w, https:\/\/ingo-panz.de\/wp-content\/uploads\/2021\/07\/Simulator-Screen-Shot-iPad-Pro-12.9-inch-3rd-generation-2021-06-12-at-23.55.33-2048x1535.png 2048w\" sizes=\"auto, (max-width: 300px) 100vw, 300px\" \/> <img loading=\"lazy\" decoding=\"async\" class=\"alignnone size-medium wp-image-538\" src=\"https:\/\/ingo-panz.de\/wp-content\/uploads\/2021\/07\/Simulator-Screen-Shot-iPad-Pro-12.9-inch-3rd-generation-2021-06-12-at-23.55.41-300x225.png\" alt=\"\" width=\"300\" height=\"225\" srcset=\"https:\/\/ingo-panz.de\/wp-content\/uploads\/2021\/07\/Simulator-Screen-Shot-iPad-Pro-12.9-inch-3rd-generation-2021-06-12-at-23.55.41-300x225.png 300w, https:\/\/ingo-panz.de\/wp-content\/uploads\/2021\/07\/Simulator-Screen-Shot-iPad-Pro-12.9-inch-3rd-generation-2021-06-12-at-23.55.41-1024x768.png 1024w, https:\/\/ingo-panz.de\/wp-content\/uploads\/2021\/07\/Simulator-Screen-Shot-iPad-Pro-12.9-inch-3rd-generation-2021-06-12-at-23.55.41-768x576.png 768w, https:\/\/ingo-panz.de\/wp-content\/uploads\/2021\/07\/Simulator-Screen-Shot-iPad-Pro-12.9-inch-3rd-generation-2021-06-12-at-23.55.41-1536x1151.png 1536w, https:\/\/ingo-panz.de\/wp-content\/uploads\/2021\/07\/Simulator-Screen-Shot-iPad-Pro-12.9-inch-3rd-generation-2021-06-12-at-23.55.41-2048x1535.png 2048w\" sizes=\"auto, (max-width: 300px) 100vw, 300px\" \/><\/p>\n<p><a style=\"display: inline-block; overflow: hidden; border-top-left-radius: 8.67px; border-top-right-radius: 8.67px; border-bottom-right-radius: 8.67px; border-bottom-left-radius: 8.67px; width: 166.67px; height: 55.34px;\" href=\"https:\/\/apps.apple.com\/de\/app\/rune-wars\/id1542792877?itsct=apps_box_badge&amp;itscg=30200\"><img decoding=\"async\" style=\"border-top-left-radius: 8.67px; border-top-right-radius: 8.67px; border-bottom-right-radius: 8.67px; border-bottom-left-radius: 8.67px; width: 166.67px; height: 55.34px;\" src=\"https:\/\/tools.applemediaservices.com\/api\/badges\/download-on-the-app-store\/black\/de-de?size=250x83&amp;releaseDate=1625961600&amp;h=f5eaecfeb6cde7a5e66d8f512460f131\" alt=\"Download on the App Store\" \/><\/a><\/p>\n","protected":false},"excerpt":{"rendered":"<p>In einer Welt, in der jeder Spieler ein Magier ist, hat jede Rune ihren ganz eigenen Kopf. Deine Herausforderung ist zu zeigen, dass Dein Turm der Mittelpunkt der besten Magie \u00fcberhaupt ist. Hier ist Allround-Talent gefragt &#8211; verteidige Deinen Turm, bestehe im Duell, k\u00e4mpfe den Krieg, geh auf die Jagd und f\u00fchre einen Raubzug durch.<\/p>\n","protected":false},"author":1,"featured_media":421,"parent":0,"menu_order":0,"comment_status":"closed","ping_status":"closed","template":"","meta":{"footnotes":""},"class_list":["post-420","page","type-page","status-publish","has-post-thumbnail","hentry"],"_links":{"self":[{"href":"https:\/\/ingo-panz.de\/index.php?rest_route=\/wp\/v2\/pages\/420","targetHints":{"allow":["GET"]}}],"collection":[{"href":"https:\/\/ingo-panz.de\/index.php?rest_route=\/wp\/v2\/pages"}],"about":[{"href":"https:\/\/ingo-panz.de\/index.php?rest_route=\/wp\/v2\/types\/page"}],"author":[{"embeddable":true,"href":"https:\/\/ingo-panz.de\/index.php?rest_route=\/wp\/v2\/users\/1"}],"replies":[{"embeddable":true,"href":"https:\/\/ingo-panz.de\/index.php?rest_route=%2Fwp%2Fv2%2Fcomments&post=420"}],"version-history":[{"count":9,"href":"https:\/\/ingo-panz.de\/index.php?rest_route=\/wp\/v2\/pages\/420\/revisions"}],"predecessor-version":[{"id":568,"href":"https:\/\/ingo-panz.de\/index.php?rest_route=\/wp\/v2\/pages\/420\/revisions\/568"}],"wp:featuredmedia":[{"embeddable":true,"href":"https:\/\/ingo-panz.de\/index.php?rest_route=\/wp\/v2\/media\/421"}],"wp:attachment":[{"href":"https:\/\/ingo-panz.de\/index.php?rest_route=%2Fwp%2Fv2%2Fmedia&parent=420"}],"curies":[{"name":"wp","href":"https:\/\/api.w.org\/{rel}","templated":true}]}}