{"id":442,"date":"2021-05-29T16:07:36","date_gmt":"2021-05-29T16:07:36","guid":{"rendered":"https:\/\/ingo-panz.de\/?page_id=442"},"modified":"2022-05-26T16:51:55","modified_gmt":"2022-05-26T16:51:55","slug":"allgemeine-geschaeftsbedingungen-apps","status":"publish","type":"page","link":"https:\/\/ingo-panz.de\/?page_id=442","title":{"rendered":"Allgemeine Gesch\u00e4ftsbedingungen Apps"},"content":{"rendered":"<h1>Bedingungen und Konditionen<\/h1>\n<p>Zuletzt aktualisiert: 29. Mai 2021<\/p>\n<p>Bitte lesen Sie diese Allgemeinen Gesch\u00e4ftsbedingungen sorgf\u00e4ltig durch, bevor Sie unseren Service nutzen.<\/p>\n<h1>Auslegung und Definitionen<\/h1>\n<h2>Auslegung<\/h2>\n<p>Die W\u00f6rter, deren Anfangsbuchstaben gro\u00df geschrieben sind, haben die unter den folgenden Bedingungen definierten Bedeutungen. Die folgenden Definitionen haben dieselbe Bedeutung, unabh\u00e4ngig davon, ob sie im Singular oder im Plural stehen.<\/p>\n<h2>Begriffsbestimmungen<\/h2>\n<p>F\u00fcr die Zwecke dieser Bedingungen:<\/p>\n<p><strong>Anwendung<\/strong> bezeichnet das von der Firma bereitgestellte Softwareprogramm, das Sie auf ein beliebiges elektronisches Ger\u00e4t mit dem Namen Space Cab oder Rune Wars oder Melax oder BSB Generator oder SLF Builder herunterladen.<\/p>\n<p><strong>Application Store<\/strong> bezeichnet den digitalen Vertriebsdienst, der von Apple Inc. (Apple App Store) oder Google Inc. (Google Play Store) betrieben und entwickelt wird und in den die Anwendung heruntergeladen wurde.<\/p>\n<p><strong>Verbundenes Unternehmen<\/strong> bedeutet eine Einheit, die eine Partei kontrolliert, von ihr kontrolliert wird oder unter gemeinsamer Kontrolle mit ihr steht, wobei &#8222;Kontrolle&#8220; den Besitz von 50 % oder mehr der Aktien, Kapitalanteile oder anderer Wertpapiere bedeutet, die zur Wahl von Direktoren oder anderen leitenden Angestellten berechtigt sind.<\/p>\n<p><strong>Konto<\/strong> bezeichnet ein einzigartiges Konto, das f\u00fcr Sie erstellt wurde, um auf unseren Dienst oder Teile unseres Dienstes zuzugreifen.<\/p>\n<p><strong>Land<\/strong> bezieht sich auf: Niedersachsen, Deutschland<\/p>\n<p><strong>Unternehmen<\/strong> (in dieser Vereinbarung entweder als -das Unternehmen-, -Wir-, -Us- oder -unser- bezeichnet) bezieht sich auf IPApps &#8211; Ingo Panz, Lister Kirchweg 22, 30163 Hannover.<\/p>\n<p><strong>Ger\u00e4t<\/strong> bezeichnet jedes Ger\u00e4t, das auf den Service zugreifen kann, wie z.B. ein Computer, ein Mobiltelefon oder ein digitales Tablet.<\/p>\n<p><strong>Feedback<\/strong> bezeichnet R\u00fcckmeldungen, Innovationen oder Vorschl\u00e4ge, die von Ihnen in Bezug auf die Eigenschaften, die Leistung oder die Funktionen unseres Dienstes gesendet werden.<\/p>\n<p><strong>In-App-Kauf<\/strong> bezieht sich auf den Kauf eines Produkts, Gegenstands, Dienstes oder Abonnements \u00fcber die Anwendung und unterliegt diesen Allgemeinen Gesch\u00e4ftsbedingungen und\/oder den Gesch\u00e4ftsbedingungen des Application Store.<\/p>\n<p><strong>Dienst<\/strong> bezieht sich auf die Anwendung.<\/p>\n<p><strong>Bedingungen<\/strong> (auch als &#8222;Bedingungen&#8220; bezeichnet) bezeichnet diese Bedingungen, die die gesamte Vereinbarung zwischen Ihnen und dem Unternehmen bez\u00fcglich der Nutzung des Dienstes bilden.<\/p>\n<p><strong>Sozialer Mediendienst eines Dritten<\/strong> bezeichnet alle Dienste oder Inhalte (einschlie\u00dflich Daten, Informationen, Produkte oder Dienstleistungen), die von einem Dritten bereitgestellt werden und durch den Dienst angezeigt, einbezogen oder verf\u00fcgbar gemacht werden k\u00f6nnen.<\/p>\n<p><strong>Sie<\/strong> bezeichnet die Person, die auf den Dienst zugreift oder ihn nutzt, bzw. das Unternehmen oder eine andere juristische Person, in deren Namen eine solche Person auf den Dienst zugreift oder ihn nutzt, sofern zutreffend.<\/p>\n<h1>Anerkenntnis<\/h1>\n<p>Dies sind die allgemeinen Gesch\u00e4ftsbedingungen, die die Nutzung dieses Dienstes regeln und die Vereinbarung zwischen Ihnen und dem Unternehmen. In diesen Bedingungen sind die Rechte und Pflichten aller Nutzer in Bezug auf die Nutzung des Dienstes festgelegt.<\/p>\n<p>Ihr Zugang zu und Ihre Nutzung des Dienstes setzt voraus, dass Sie diese Bedingungen akzeptieren und einhalten. Diese Allgemeinen Gesch\u00e4ftsbedingungen gelten f\u00fcr alle Besucher, Benutzer und andere, die auf den Dienst zugreifen oder ihn nutzen.<\/p>\n<p>Indem Sie auf den Dienst zugreifen oder ihn nutzen, erkl\u00e4ren Sie sich mit den vorliegenden Bedingungen einverstanden. Wenn Sie mit einem Teil dieser Bedingungen nicht einverstanden sind, d\u00fcrfen Sie den Dienst nicht nutzen.<\/p>\n<p>Sie versichern, dass Sie \u00fcber 18 Jahre alt sind. Das Unternehmen gestattet Personen unter 18 Jahren nicht die Nutzung des Dienstes.<\/p>\n<p>Ihr Zugang zu und Ihre Nutzung des Dienstes ist au\u00dferdem davon abh\u00e4ngig, dass Sie die Datenschutzrichtlinie des Unternehmens akzeptieren und einhalten. Unsere Datenschutzrichtlinie beschreibt unsere Richtlinien und Verfahren zur Erfassung, Verwendung und Offenlegung Ihrer pers\u00f6nlichen Daten, wenn Sie die Anwendung oder die Website nutzen, und informiert Sie \u00fcber Ihre Datenschutzrechte und wie das Gesetz Sie sch\u00fctzt. Bitte lesen Sie unsere Datenschutzrichtlinie sorgf\u00e4ltig durch, bevor Sie unseren Dienst nutzen.<\/p>\n<h2>In-App-K\u00e4ufe<\/h2>\n<p>Die Anwendung kann In-App-K\u00e4ufe enthalten, mit denen Sie Produkte, Dienstleistungen oder Abonnements kaufen k\u00f6nnen.<\/p>\n<p>Weitere Informationen dar\u00fcber, wie Sie In-App-K\u00e4ufe mit Ihrem Ger\u00e4t verwalten k\u00f6nnen, finden Sie m\u00f6glicherweise in den Gesch\u00e4ftsbedingungen des Application Store oder in den Hilfeeinstellungen Ihres Ger\u00e4ts.<\/p>\n<p>In-App-K\u00e4ufe k\u00f6nnen nur innerhalb der Anwendung konsumiert werden. Wenn Sie einen In-App-Kauf t\u00e4tigen, kann dieser In-App-Kauf nicht mehr storniert werden, nachdem Sie den Download eingeleitet haben. In-App-K\u00e4ufe k\u00f6nnen nicht gegen Bargeld oder andere Gegenleistungen eingel\u00f6st oder anderweitig \u00fcbertragen werden.<\/p>\n<p>Wenn ein In-App-Kauf nicht erfolgreich heruntergeladen wird oder nicht funktioniert, nachdem er erfolgreich heruntergeladen wurde, werden wir, nachdem wir von dem Fehler Kenntnis erlangt haben oder von Ihnen \u00fcber den Fehler informiert wurden, den Grund f\u00fcr den Fehler untersuchen. Wir werden nach vern\u00fcnftigem Ermessen entscheiden, ob wir Ihnen einen Ersatz f\u00fcr den In-App-Kauf zur Verf\u00fcgung stellen oder Ihnen einen Patch zur Behebung des Fehlers aush\u00e4ndigen. In keinem Fall werden wir Ihnen den Ersatz oder die Reparatur des In-App-Kaufs in Rechnung stellen. In dem unwahrscheinlichen Fall, dass wir nicht in der Lage sind, den betreffenden In-App-Kauf zu ersetzen oder zu reparieren, oder dass wir dies nicht innerhalb eines angemessenen Zeitraums und ohne erhebliche Unannehmlichkeiten f\u00fcr Sie tun k\u00f6nnen, werden wir den Application Store erm\u00e4chtigen, Ihnen einen Betrag bis zur H\u00f6he der Kosten des betreffenden In-App-Kaufs zu erstatten. Wenn Sie eine R\u00fcckerstattung beantragen m\u00f6chten, k\u00f6nnen Sie sich alternativ direkt an den Anwendungsstore wenden.<\/p>\n<p>Sie nehmen zur Kenntnis und erkl\u00e4ren sich damit einverstanden, dass alle Abrechnungs- und Transaktionsvorg\u00e4nge von dem Anwendungsshop abgewickelt werden, von dem Sie die Anwendung heruntergeladen haben, und den Gesch\u00e4ftsbedingungen dieses Anwendungsshops unterliegen.<\/p>\n<p>Wenn Sie Probleme mit der Bezahlung von In-App-K\u00e4ufen haben, m\u00fcssen Sie sich direkt an den App-Store wenden.<\/p>\n<h2>Benutzerkonten<\/h2>\n<p>Wenn Sie ein Konto bei uns erstellen, m\u00fcssen Sie uns Informationen zur Verf\u00fcgung stellen, die jederzeit korrekt, vollst\u00e4ndig und aktuell sind. Wenn Sie dies nicht tun, stellt dies einen Versto\u00df gegen die Bedingungen dar, der zur sofortigen K\u00fcndigung Ihres Kontos bei unserem Service f\u00fchren kann.<\/p>\n<p>Sie sind verantwortlich f\u00fcr den Schutz des Passworts, das Sie f\u00fcr den Zugriff auf den Dienst verwenden, sowie f\u00fcr alle Aktivit\u00e4ten oder Handlungen unter Ihrem Passwort, unabh\u00e4ngig davon, ob Ihr Passwort bei unserem Dienst oder einem Social-Media-Dienst eines Drittanbieters verwendet wird.<\/p>\n<p>Sie stimmen zu, Ihr Passwort nicht an Dritte weiterzugeben. Sie m\u00fcssen uns sofort benachrichtigen, wenn Sie von einer Verletzung der Sicherheit oder einer unbefugten Nutzung Ihres Kontos erfahren.<\/p>\n<p>Sie d\u00fcrfen als Benutzernamen nicht den Namen einer anderen nat\u00fcrlichen oder juristischen Person oder einen Namen oder eine Marke verwenden, der\/die ohne entsprechende Genehmigung den Rechten einer anderen nat\u00fcrlichen oder juristischen Person als Ihnen unterliegt, oder einen Namen, der anderweitig beleidigend, vulg\u00e4r oder obsz\u00f6n ist.<\/p>\n<h2>Geistiges Eigentum<\/h2>\n<p>Der Dienst und seine urspr\u00fcnglichen Inhalte (mit Ausnahme der von Ihnen oder anderen Nutzern bereitgestellten Inhalte), Merkmale und Funktionen sind und bleiben das ausschlie\u00dfliche Eigentum des Unternehmens und seiner Lizenzgeber.<\/p>\n<p>Der Dienst ist durch das Urheberrecht, das Markenrecht und andere Gesetze sowohl des Landes als auch anderer L\u00e4nder gesch\u00fctzt.<\/p>\n<p>Unsere Warenzeichen und Handelsaufmachungen d\u00fcrfen ohne die vorherige schriftliche Zustimmung des Unternehmens nicht in Verbindung mit einem Produkt oder einer Dienstleistung verwendet werden.<\/p>\n<h2>Ihr Feedback an uns<\/h2>\n<p>Sie treten alle Rechte, Titel und Interessen an allen R\u00fcckmeldungen ab, die Sie dem Unternehmen zur Verf\u00fcgung stellen. F\u00fcr den Fall, dass eine solche Abtretung aus irgendeinem Grund unwirksam ist, erkl\u00e4ren Sie sich damit einverstanden, dem Unternehmen ein nicht-exklusives, unbefristetes, unwiderrufliches, geb\u00fchrenfreies, weltweites Recht und eine Lizenz zur uneingeschr\u00e4nkten Nutzung, Reproduktion, Offenlegung, Unterlizenzierung, Verteilung, \u00c4nderung und Verwertung solcher R\u00fcckmeldungen zu gew\u00e4hren.<\/p>\n<h2>Links zu anderen Websites<\/h2>\n<p>Unser Service kann Links zu Websites oder Diensten Dritter enthalten, die sich nicht im Besitz oder unter der Kontrolle des Unternehmens befinden.<\/p>\n<p>Das Unternehmen hat keine Kontrolle \u00fcber den Inhalt, die Datenschutzrichtlinien oder die Praktiken von Websites oder Diensten Dritter und \u00fcbernimmt keine Verantwortung f\u00fcr diese. Sie erkennen ferner an und erkl\u00e4ren sich damit einverstanden, dass das Unternehmen weder direkt noch indirekt f\u00fcr Sch\u00e4den oder Verluste verantwortlich oder haftbar ist, die durch oder in Verbindung mit der Nutzung von oder dem Vertrauen auf solche Inhalte, Waren oder Dienste, die auf oder \u00fcber solche Websites oder Dienste verf\u00fcgbar sind, verursacht wurden oder angeblich verursacht werden.<\/p>\n<p>Wir raten Ihnen dringend, die Gesch\u00e4ftsbedingungen und Datenschutzrichtlinien von Websites oder Diensten Dritter zu lesen, die Sie besuchen.<\/p>\n<h2>Beendigung<\/h2>\n<p>Wir sind berechtigt, Ihr Konto sofort und ohne vorherige Ank\u00fcndigung oder Haftung zu k\u00fcndigen oder zu sperren, aus welchem Grund auch immer, einschlie\u00dflich und ohne Einschr\u00e4nkung, wenn Sie gegen diese Bedingungen und Konditionen versto\u00dfen.<\/p>\n<p>Mit der K\u00fcndigung erlischt Ihr Recht, den Dienst zu nutzen, sofort. Wenn Sie Ihr Konto k\u00fcndigen m\u00f6chten, k\u00f6nnen Sie einfach die Nutzung des Dienstes einstellen.<\/p>\n<h2>Begrenzung der Haftung<\/h2>\n<p>Ungeachtet etwaiger Sch\u00e4den, die Ihnen entstehen k\u00f6nnten, ist die gesamte Haftung des Unternehmens und seiner Lieferanten im Rahmen der Bestimmungen dieser Bedingungen und Ihr ausschlie\u00dflicher Rechtsbehelf f\u00fcr alle vorstehenden Punkte auf den Betrag begrenzt, den Sie tats\u00e4chlich \u00fcber den Dienst bezahlt haben, oder auf 100 USD, wenn Sie nichts \u00fcber den Dienst gekauft haben.<\/p>\n<p>Soweit es das geltende Recht zul\u00e4sst, haften das Unternehmen oder seine Lieferanten in keinem Fall f\u00fcr besondere, zuf\u00e4llige, indirekte oder Folgesch\u00e4den (einschlie\u00dflich, aber nicht beschr\u00e4nkt auf Sch\u00e4den aus entgangenem Gewinn, Verlust von Daten oder anderen Informationen, Gesch\u00e4ftsunterbrechung, Personensch\u00e4den, Verlust der Privatsph\u00e4re, die sich aus der Nutzung oder der Unm\u00f6glichkeit der Nutzung des Dienstes, der Software Dritter und\/oder der Hardware Dritter, die mit dem Dienst verwendet wird, oder anderweitig in Verbindung mit einer Bestimmung dieser Bedingungen ergeben oder in irgendeiner Weise damit zusammenh\u00e4ngen), selbst wenn das Unternehmen oder ein Lieferant auf die M\u00f6glichkeit solcher Sch\u00e4den hingewiesen wurde und selbst wenn die Abhilfe ihren wesentlichen Zweck verfehlt.<\/p>\n<p>In einigen Staaten ist der Ausschluss stillschweigender Garantien oder die Beschr\u00e4nkung der Haftung f\u00fcr beil\u00e4ufig entstandene Sch\u00e4den oder Folgesch\u00e4den nicht zul\u00e4ssig, was bedeutet, dass einige der oben genannten Beschr\u00e4nkungen m\u00f6glicherweise nicht gelten. In diesen Staaten ist die Haftung jeder Partei auf das gesetzlich zul\u00e4ssige Ma\u00df beschr\u00e4nkt.<\/p>\n<h2>-Ohne M\u00e4ngelgew\u00e4hr- und -Wie Vorliegend- Haftungsausschluss<\/h2>\n<p>Der Dienst wird Ihnen &#8211; SO WIE ER IST &#8211; und &#8211; SO WIE VERF\u00dcGBAR &#8211; und mit allen Fehlern und M\u00e4ngeln ohne jegliche Garantie zur Verf\u00fcgung gestellt. Soweit dies nach geltendem Recht zul\u00e4ssig ist, lehnt das Unternehmen in seinem eigenen Namen und im Namen seiner verbundenen Unternehmen und seiner und deren jeweiligen Lizenzgebern und Dienstleistern ausdr\u00fccklich alle ausdr\u00fccklichen, stillschweigenden, gesetzlichen oder sonstigen Gew\u00e4hrleistungen in Bezug auf den Dienst ab, einschlie\u00dflich aller stillschweigenden Gew\u00e4hrleistungen der Marktg\u00e4ngigkeit, der Eignung f\u00fcr einen bestimmten Zweck, des Eigentumsrechts und der Nichtverletzung von Rechten Dritter sowie Gew\u00e4hrleistungen, die sich aus dem Gesch\u00e4ftsverlauf, der Leistung, der Nutzung oder der Handelspraxis ergeben k\u00f6nnen. Ohne Einschr\u00e4nkung des Vorstehenden \u00fcbernimmt das Unternehmen keine Garantie oder Verpflichtung und gibt keinerlei Zusicherungen ab, dass der Dienst Ihren Anforderungen entspricht, die beabsichtigten Ergebnisse erzielt, mit anderer Software, Anwendungen, Systemen oder Diensten kompatibel ist oder zusammenarbeitet, ohne Unterbrechung funktioniert, Leistungs- oder Zuverl\u00e4ssigkeitsstandards erf\u00fcllt oder fehlerfrei ist oder dass Fehler oder M\u00e4ngel behoben werden k\u00f6nnen oder werden.<\/p>\n<p>Ohne das Vorstehende einzuschr\u00e4nken, gibt weder das Unternehmen noch einer der Anbieter des Unternehmens eine ausdr\u00fcckliche oder stillschweigende Zusicherung oder Gew\u00e4hrleistung jeglicher Art: (i) in Bezug auf den Betrieb oder die Verf\u00fcgbarkeit des Dienstes oder der darin enthaltenen Informationen, Inhalte und Materialien oder Produkte; (ii) dass der Dienst ununterbrochen oder fehlerfrei zur Verf\u00fcgung steht; (iii) in Bezug auf die Genauigkeit, Zuverl\u00e4ssigkeit oder Aktualit\u00e4t von Informationen oder Inhalten, die \u00fcber den Dienst bereitgestellt werden; oder (iv) dass der Dienst, seine Server, die Inhalte oder E-Mails, die von oder im Namen des Unternehmens versandt werden, frei von Viren, Skripten, Trojanern, W\u00fcrmern, Malware, Zeitbomben oder anderen sch\u00e4dlichen Komponenten sind.<\/p>\n<p>In einigen Rechtsordnungen ist der Ausschluss bestimmter Arten von Garantien oder die Einschr\u00e4nkung geltender gesetzlicher Rechte eines Verbrauchers nicht zul\u00e4ssig, so dass einige oder alle der oben genannten Ausschl\u00fcsse und Einschr\u00e4nkungen m\u00f6glicherweise nicht f\u00fcr Sie gelten. In einem solchen Fall werden die in diesem Abschnitt dargelegten Ausschl\u00fcsse und Beschr\u00e4nkungen jedoch im gr\u00f6\u00dftm\u00f6glichen Umfang angewendet, der nach geltendem Recht durchsetzbar ist.<\/p>\n<h2>Geltendes Recht<\/h2>\n<p>F\u00fcr diese Bedingungen und Ihre Nutzung des Dienstes gelten die Gesetze des jeweiligen Landes, unter Ausschluss der Kollisionsnormen. Die Nutzung der Anwendung durch Sie kann auch anderen lokalen, staatlichen, nationalen oder internationalen Gesetzen unterworfen sein.<\/p>\n<h2>Beilegung von Streitigkeiten<\/h2>\n<p>Wenn Sie Bedenken oder Streitigkeiten bez\u00fcglich des Dienstes haben, erkl\u00e4ren Sie sich damit einverstanden, zun\u00e4chst zu versuchen, die Streitigkeit informell zu l\u00f6sen, indem Sie sich an das Unternehmen wenden.<\/p>\n<h2>F\u00fcr Benutzer aus der Europ\u00e4ischen Union (EU)<\/h2>\n<p>Wenn Sie ein Verbraucher aus der Europ\u00e4ischen Union sind, gelten f\u00fcr Sie die zwingenden Bestimmungen des Rechts des Landes, in dem Sie Ihren Wohnsitz haben.<\/p>\n<h2>Einhaltung der Gesetze der Vereinigten Staaten<\/h2>\n<p>Sie sichern zu und gew\u00e4hrleisten, dass (i) Sie sich nicht in einem Land befinden, gegen das die Regierung der Vereinigten Staaten ein Embargo verh\u00e4ngt hat oder das von der Regierung der Vereinigten Staaten als Land, das Terroristen unterst\u00fctzt, bezeichnet wurde, und (ii) Sie nicht auf einer Liste der Regierung der Vereinigten Staaten von Amerika mit verbotenen oder eingeschr\u00e4nkten Parteien stehen.<\/p>\n<h1>Salvatorische Klausel und Verzicht<\/h1>\n<h2>Trennbarkeit<\/h2>\n<p>Sollte eine Bestimmung dieser Bedingungen f\u00fcr nicht durchsetzbar oder ung\u00fcltig befunden werden, wird diese Bestimmung so ge\u00e4ndert und ausgelegt, dass die Ziele dieser Bestimmung so weit wie m\u00f6glich unter dem anwendbaren Recht erreicht werden, und die \u00fcbrigen Bestimmungen bleiben in vollem Umfang in Kraft und wirksam.<\/p>\n<h2>Verzicht<\/h2>\n<p>Sofern hierin nichts anderes bestimmt ist, hat das Vers\u00e4umnis, ein Recht auszu\u00fcben oder die Erf\u00fcllung einer Verpflichtung gem\u00e4\u00df diesen Bedingungen zu verlangen, keine Auswirkungen auf die F\u00e4higkeit einer Partei, ein solches Recht auszu\u00fcben oder eine solche Erf\u00fcllung zu einem sp\u00e4teren Zeitpunkt zu verlangen, noch stellt der Verzicht auf einen Versto\u00df einen Verzicht auf einen sp\u00e4teren Versto\u00df dar.<\/p>\n<h2>\u00dcbersetzung Auslegung<\/h2>\n<p>Diese Allgemeinen Gesch\u00e4ftsbedingungen k\u00f6nnen \u00fcbersetzt worden sein, wenn wir sie Ihnen in unserem Service zur Verf\u00fcgung gestellt haben. Sie erkl\u00e4ren sich damit einverstanden, dass im Falle eines Rechtsstreits der englische Originaltext ma\u00dfgebend ist.<\/p>\n<h2>\u00c4nderungen dieser Bedingungen und Konditionen<\/h2>\n<p>Wir behalten uns das Recht vor, diese Bedingungen jederzeit nach unserem alleinigen Ermessen zu \u00e4ndern oder zu ersetzen. Wenn eine \u00c4nderung wesentlich ist, werden wir uns in angemessener Weise bem\u00fchen, Sie mindestens 30 Tage vor Inkrafttreten der neuen Bedingungen zu informieren. Was eine wesentliche \u00c4nderung darstellt, wird nach unserem alleinigen Ermessen festgelegt.<\/p>\n<p>Indem Sie nach Inkrafttreten dieser \u00c4nderungen weiterhin auf unseren Dienst zugreifen oder ihn nutzen, erkl\u00e4ren Sie sich mit den \u00fcberarbeiteten Bedingungen einverstanden. Wenn Sie mit den neuen Bedingungen ganz oder teilweise nicht einverstanden sind, beenden Sie bitte die Nutzung der Website und des Dienstes.<\/p>\n<h2>Kontaktieren Sie uns<\/h2>\n<p>Wenn Sie Fragen zu diesen Nutzungsbedingungen haben, k\u00f6nnen Sie uns kontaktieren:<\/p>\n<p><strong>Per E-Mail: legal@ingo-panz.de<\/strong><\/p>\n<p>&nbsp;<\/p>\n","protected":false},"excerpt":{"rendered":"<p>Bedingungen und Konditionen Zuletzt aktualisiert: 29. Mai 2021 Bitte lesen Sie diese Allgemeinen Gesch\u00e4ftsbedingungen sorgf\u00e4ltig durch, bevor Sie unseren Service nutzen. Auslegung und Definitionen Auslegung Die W\u00f6rter, deren Anfangsbuchstaben gro\u00df geschrieben sind, haben die unter den folgenden Bedingungen definierten Bedeutungen. Die folgenden Definitionen haben dieselbe Bedeutung, unabh\u00e4ngig davon, ob sie im Singular oder im Plural &hellip; <\/p>\n<p class=\"link-more\"><a href=\"https:\/\/ingo-panz.de\/?page_id=442\" class=\"more-link\"><span class=\"screen-reader-text\">\u201eAllgemeine Gesch\u00e4ftsbedingungen Apps\u201c <\/span>weiterlesen<\/a><\/p>\n","protected":false},"author":1,"featured_media":0,"parent":0,"menu_order":0,"comment_status":"closed","ping_status":"closed","template":"","meta":{"footnotes":""},"class_list":["post-442","page","type-page","status-publish","hentry"],"_links":{"self":[{"href":"https:\/\/ingo-panz.de\/index.php?rest_route=\/wp\/v2\/pages\/442","targetHints":{"allow":["GET"]}}],"collection":[{"href":"https:\/\/ingo-panz.de\/index.php?rest_route=\/wp\/v2\/pages"}],"about":[{"href":"https:\/\/ingo-panz.de\/index.php?rest_route=\/wp\/v2\/types\/page"}],"author":[{"embeddable":true,"href":"https:\/\/ingo-panz.de\/index.php?rest_route=\/wp\/v2\/users\/1"}],"replies":[{"embeddable":true,"href":"https:\/\/ingo-panz.de\/index.php?rest_route=%2Fwp%2Fv2%2Fcomments&post=442"}],"version-history":[{"count":4,"href":"https:\/\/ingo-panz.de\/index.php?rest_route=\/wp\/v2\/pages\/442\/revisions"}],"predecessor-version":[{"id":583,"href":"https:\/\/ingo-panz.de\/index.php?rest_route=\/wp\/v2\/pages\/442\/revisions\/583"}],"wp:attachment":[{"href":"https:\/\/ingo-panz.de\/index.php?rest_route=%2Fwp%2Fv2%2Fmedia&parent=442"}],"curies":[{"name":"wp","href":"https:\/\/api.w.org\/{rel}","templated":true}]}}