{"id":52,"date":"2019-06-15T15:15:24","date_gmt":"2019-06-15T15:15:24","guid":{"rendered":"http:\/\/ingo-panz.de\/?page_id=52"},"modified":"2021-05-29T15:43:51","modified_gmt":"2021-05-29T15:43:51","slug":"impressum","status":"publish","type":"page","link":"https:\/\/ingo-panz.de\/?page_id=52","title":{"rendered":"Impressum Webseite"},"content":{"rendered":"\r\n<h2 class=\"wp-block-heading\"><strong>IP Apps<\/strong><\/h2>\r\n\r\n\r\n\r\n<p>Inhaber: Ingo Panz<\/p>\r\n\r\n\r\n\r\n<p>Lister Kirchweg 22<br \/>30163 Hannover<br \/>Deutschland<br \/>Telefon: +49 511 69 89 97<br \/>E-Mail:\u00a0<\/p>\r\n\r\n\r\n\r\n<p>Umsatzsteuer-Identifikationsnummer gem\u00e4\u00df \u00a7 27 a Umsatzsteuergesetz:<br \/>DE 306935842<\/p>\r\n\r\n\r\n\r\n<p>Haftungsausschluss:<\/p>\r\n\r\n\r\n\r\n<p>Bei der Erstellung dieser Webseite werden alle Anstrengungen unternommen, um die darin enthaltenen Informationen m\u00f6glichst aktuell, sachlich korrekt und eindeutig zu halten. Trotz aller Sorgfalt kann es jedoch zu unbeabsichtigten Fehlangaben kommen. Die Firma <strong>IP Apps<\/strong> schlie\u00dft daher insbesondere jegliche Haftung f\u00fcr Tipp- oder Druckfehler und f\u00fcr die Exaktheit, Vollst\u00e4ndigkeit und Aktualit\u00e4t der auf der Webseite des Unternehmens enthaltenen Informationen und Bilder aus. Die auf der\u00a0<strong>IP Apps<\/strong>\u00a0Webseite bereitgehaltenen Informationen, Bilder und Daten k\u00f6nnen jederzeit ohne Vorank\u00fcndigung ge\u00e4ndert werden. Sie werden von der Firma\u00a0<strong>IP Apps<\/strong>\u00a0unverbindlich und unter Ausschluss jeglicher Garantien oder Zusicherungen angeboten.<\/p>\r\n\r\n\r\n\r\n<p>Zu den Hyperlinks auf allen Webseiten der Firma\u00a0<strong>IP Apps<\/strong>:<\/p>\r\n\r\n\r\n\r\n<p>Mit Urteil vom 12. Mai 1998 hat das Landgericht Hamburg entschieden, dass mit Anbringung eines Links die Inhalte der gelinkten Webseite ggf. mit zu verantworten sind. Dies kann \u2013 so das Landgericht \u2013 ausschlie\u00dflich dadurch verhindert werden, dass man sich von diesen Inhalten ausdr\u00fccklich distanziert.<\/p>\r\n\r\n\r\n\r\n<p>Wir haben Links zu anderen Webseiten im Internet gelegt. F\u00fcr alle diese Links gilt:<br \/>Die Firma\u00a0<strong>IP Apps<\/strong>\u00a0bem\u00fcht sich um Sorgfalt bei der Auswahl der Verlinkung, hat aber selbst keinerlei Einfluss auf die Inhalte oder die Gestaltung der gelinkten Webseiten. Die Firma\u00a0<strong>IP Apps<\/strong>\u00a0\u00fcbernimmt keinerlei Verantwortung f\u00fcr die Inhalte von Webseiten, auf deren URL in unseren Seiten verwiesen wird. Diese Erkl\u00e4rung gilt f\u00fcr alle auf unseren Seiten angebrachten Links und f\u00fcr die Inhalte aller Webseiten, zu denen die angebrachten Links f\u00fchren. Mit Urteil vom 12. Mai 1998 \u2013 312 O 85\/98 \u2013 \u201eHaftung f\u00fcr Links\u201c hat das Landgericht Hamburg entschieden, da\u00df man durch die Anbringung eines Links die Inhalte der gelinkten Webeite ggf. mit zu verantworten hat. Dies kann nur dadurch verhindert werden, da\u00df man sich ausdr\u00fccklich von diesen Inhalten distanziert.<\/p>\r\n\r\n\r\n\r\n<p>Hiermit distanziert sich der Betreiber dieser Webseite ausdr\u00fccklich von allen Inhalten aller gelinkten Webseiten.<\/p>\r\n\r\n\r\n\r\n<p>Indem Sie die <strong>IP Apps<\/strong>\u00a0Webseite benutzen, tragen Sie die gesamte Gefahr, die mit der Benutzung zusammenh\u00e4ngt, einschlie\u00dflich s\u00e4mtlicher Risiken einer Sch\u00e4digung Ihrer Computer, Software oder Daten durch Viren oder andere Software, die \u00fcber die\u00a0<strong>IP Apps<\/strong>\u00a0Webseite oder Ihren Zugriff darauf \u00fcbertragen oder aktiviert wird. In keinem Fall haftet die Firma\u00a0<strong>IP Apps<\/strong>\u00a0f\u00fcr irgendeinen direkten, indirekten, besonderen, Begleit- oder Folgeschaden oder entgangenen Gewinn, die sich aus dem Gebrauch oder Fehlgebrauch von Informationen oder aus unvollst\u00e4ndigen Informationen auf der Webseite der Firma\u00a0<strong>IP Apps<\/strong>\u00a0ergeben.<\/p>\r\n\r\n\r\n\r\n<p>Urheberschutz:<br \/>Die Rechte an dieser Homepage und an ihren Inhalten liegen beim Urheber. Sie d\u00fcrfen in keiner Form ohne Zustimmung der Berechtigten durch Einbindung in andere Medien genutzt werden.<\/p>\r\n\r\n\r\n\r\n<p>Datenschutz:<br \/>Gem. \u00a7 28 BDSG widersprechen wir jeder kommerziellen Verwendung und Weitergabe unserer Daten.<\/p>\r\n\r\n\r\n\r\n<p>Plattform der EU-Kommission zur Online-Streitbeilegung:\u00a0<a href=\"http:\/\/www.ec.europa.eu\/consumers\/odr\">www.ec.europa.eu\/consumers\/odr<\/a><\/p>\r\n","protected":false},"excerpt":{"rendered":"<p>IP Apps Inhaber: Ingo Panz Lister Kirchweg 2230163 HannoverDeutschlandTelefon: +49 511 69 89 97E-Mail:\u00a0 Umsatzsteuer-Identifikationsnummer gem\u00e4\u00df \u00a7 27 a Umsatzsteuergesetz:DE 306935842 Haftungsausschluss: Bei der Erstellung dieser Webseite werden alle Anstrengungen unternommen, um die darin enthaltenen Informationen m\u00f6glichst aktuell, sachlich korrekt und eindeutig zu halten. Trotz aller Sorgfalt kann es jedoch zu unbeabsichtigten Fehlangaben kommen. Die &hellip; <\/p>\n<p class=\"link-more\"><a href=\"https:\/\/ingo-panz.de\/?page_id=52\" class=\"more-link\"><span class=\"screen-reader-text\">\u201eImpressum Webseite\u201c <\/span>weiterlesen<\/a><\/p>\n","protected":false},"author":1,"featured_media":0,"parent":0,"menu_order":0,"comment_status":"closed","ping_status":"closed","template":"","meta":{"footnotes":""},"class_list":["post-52","page","type-page","status-publish","hentry"],"_links":{"self":[{"href":"https:\/\/ingo-panz.de\/index.php?rest_route=\/wp\/v2\/pages\/52","targetHints":{"allow":["GET"]}}],"collection":[{"href":"https:\/\/ingo-panz.de\/index.php?rest_route=\/wp\/v2\/pages"}],"about":[{"href":"https:\/\/ingo-panz.de\/index.php?rest_route=\/wp\/v2\/types\/page"}],"author":[{"embeddable":true,"href":"https:\/\/ingo-panz.de\/index.php?rest_route=\/wp\/v2\/users\/1"}],"replies":[{"embeddable":true,"href":"https:\/\/ingo-panz.de\/index.php?rest_route=%2Fwp%2Fv2%2Fcomments&post=52"}],"version-history":[{"count":4,"href":"https:\/\/ingo-panz.de\/index.php?rest_route=\/wp\/v2\/pages\/52\/revisions"}],"predecessor-version":[{"id":431,"href":"https:\/\/ingo-panz.de\/index.php?rest_route=\/wp\/v2\/pages\/52\/revisions\/431"}],"wp:attachment":[{"href":"https:\/\/ingo-panz.de\/index.php?rest_route=%2Fwp%2Fv2%2Fmedia&parent=52"}],"curies":[{"name":"wp","href":"https:\/\/api.w.org\/{rel}","templated":true}]}}